{"id":63,"date":"2020-12-01T16:17:15","date_gmt":"2020-12-01T16:17:15","guid":{"rendered":"https:\/\/www.fairmove.info\/?page_id=63"},"modified":"2021-08-27T14:56:04","modified_gmt":"2021-08-27T14:56:04","slug":"handel","status":"publish","type":"page","link":"https:\/\/www.fairmove.info\/de\/handel\/","title":{"rendered":"Handel"},"content":{"rendered":"\n<div style=\"height:50px\" aria-hidden=\"true\" class=\"wp-block-spacer\"><\/div>\n\n\n\n<div class=\"wp-block-columns is-layout-flex wp-container-core-columns-is-layout-9d6595d7 wp-block-columns-is-layout-flex\">\n<div class=\"wp-block-column is-layout-flow wp-block-column-is-layout-flow\" style=\"flex-basis:33.33%\">\n<figure class=\"wp-block-image size-large\"><img loading=\"lazy\" decoding=\"async\" width=\"384\" height=\"384\" src=\"https:\/\/www.fairmove.info\/wp-content\/uploads\/2021\/02\/384x384_Fairmove_10.jpg\" alt=\"\" class=\"wp-image-864\" srcset=\"https:\/\/www.fairmove.info\/wp-content\/uploads\/2021\/02\/384x384_Fairmove_10.jpg 384w, https:\/\/www.fairmove.info\/wp-content\/uploads\/2021\/02\/384x384_Fairmove_10-150x150.jpg 150w\" sizes=\"auto, (max-width: 384px) 100vw, 384px\" \/><\/figure>\n<\/div>\n\n\n\n<div class=\"wp-block-column is-layout-flow wp-block-column-is-layout-flow\" style=\"flex-basis:66.66%\">\n<h1 class=\"wp-block-heading\">FAIRMOVE auch in Deinem Gesch\u00e4ft?<\/h1>\n\n\n\n<p>Du bist daran interessiert, FAIRMOVE Produkte deinen Kund*innen anzubieten? Am einfachsten ist es, diese \u00fcber unseren <a href=\"http:\/\/shop.fairsquared.info\/\">B2B-Webshop<\/a> zu bestellen. Dort haben wir f\u00fcr dich alle Neuheiten, deine Einkaufskonditionen und POS-Materialien hinterlegt.<\/p>\n\n\n\n<h2 class=\"wp-block-heading\">Unser B2B-Shop im Netz<\/h2>\n\n\n\n<p>Bitte gehe dazu auf&nbsp;<a href=\"http:\/\/shop.fairsquared.info\/\">shop.fairsquared.info<\/a>&nbsp;und melde dich erstmalig unter \u201eAnmelden\u201c oben rechts an, wir schalten dich innerhalb von 24 Stunden frei und senden dir eine Best\u00e4tigungs-E-Mail.<\/p>\n\n\n\n<p><br>Wenn du erst einmal schauen m\u00f6chtest, was FAIRMOVE und FAIR SQUARED so anzubieten haben, lad dir einfach den aktuellen Katalog runter.<\/p>\n<\/div>\n<\/div>\n\n\n\n<div class=\"wp-block-buttons is-content-justification-center is-layout-flex wp-block-buttons-is-layout-flex\">\n<div class=\"wp-block-button\"><a class=\"wp-block-button__link\" href=\"https:\/\/www.fairsquared.com\/de\/katalog\/\" target=\"_blank\" rel=\"noreferrer noopener\">Hier get&#8217;s zum Katalog<\/a><\/div>\n<\/div>\n","protected":false},"excerpt":{"rendered":"<p>FAIRMOVE auch in Deinem Gesch\u00e4ft? Du bist daran interessiert, FAIRMOVE Produkte deinen Kund*innen anzubieten? Am einfachsten ist es, diese \u00fcber unseren B2B-Webshop zu bestellen. Dort haben wir f\u00fcr dich alle Neuheiten, deine Einkaufskonditionen und POS-Materialien hinterlegt. Unser B2B-Shop im Netz Bitte gehe dazu auf&nbsp;shop.fairsquared.info&nbsp;und melde dich erstmalig unter [&hellip;]<\/p>\n","protected":false},"author":2,"featured_media":0,"parent":0,"menu_order":6,"comment_status":"closed","ping_status":"closed","template":"","meta":{"_acf_changed":false,"footnotes":""},"class_list":["post-63","page","type-page","status-publish","hentry"],"acf":[],"_links":{"self":[{"href":"https:\/\/www.fairmove.info\/de\/wp-json\/wp\/v2\/pages\/63","targetHints":{"allow":["GET"]}}],"collection":[{"href":"https:\/\/www.fairmove.info\/de\/wp-json\/wp\/v2\/pages"}],"about":[{"href":"https:\/\/www.fairmove.info\/de\/wp-json\/wp\/v2\/types\/page"}],"author":[{"embeddable":true,"href":"https:\/\/www.fairmove.info\/de\/wp-json\/wp\/v2\/users\/2"}],"replies":[{"embeddable":true,"href":"https:\/\/www.fairmove.info\/de\/wp-json\/wp\/v2\/comments?post=63"}],"version-history":[{"count":9,"href":"https:\/\/www.fairmove.info\/de\/wp-json\/wp\/v2\/pages\/63\/revisions"}],"predecessor-version":[{"id":1499,"href":"https:\/\/www.fairmove.info\/de\/wp-json\/wp\/v2\/pages\/63\/revisions\/1499"}],"wp:attachment":[{"href":"https:\/\/www.fairmove.info\/de\/wp-json\/wp\/v2\/media?parent=63"}],"curies":[{"name":"wp","href":"https:\/\/api.w.org\/{rel}","templated":true}]}}