{"id":61,"date":"2020-12-01T16:17:00","date_gmt":"2020-12-01T16:17:00","guid":{"rendered":"https:\/\/www.fairmove.info\/?page_id=61"},"modified":"2026-01-15T14:39:15","modified_gmt":"2026-01-15T14:39:15","slug":"shop","status":"publish","type":"page","link":"https:\/\/www.fairmove.info\/de\/shop\/","title":{"rendered":"Shop"},"content":{"rendered":"\n<div style=\"height:50px\" aria-hidden=\"true\" class=\"wp-block-spacer\"><\/div>\n\n\n\n<div class=\"wp-block-columns is-layout-flex wp-container-core-columns-is-layout-9d6595d7 wp-block-columns-is-layout-flex\">\n<div class=\"wp-block-column is-layout-flow wp-block-column-is-layout-flow\" style=\"flex-basis:33.33%\">\n<figure class=\"wp-block-image size-large\"><img loading=\"lazy\" decoding=\"async\" width=\"384\" height=\"384\" src=\"https:\/\/www.fairmove.info\/wp-content\/uploads\/2021\/02\/384x384_Fairmove_1.jpg\" alt=\"\" class=\"wp-image-769\" srcset=\"https:\/\/www.fairmove.info\/wp-content\/uploads\/2021\/02\/384x384_Fairmove_1.jpg 384w, https:\/\/www.fairmove.info\/wp-content\/uploads\/2021\/02\/384x384_Fairmove_1-150x150.jpg 150w\" sizes=\"auto, (max-width: 384px) 100vw, 384px\" \/><\/figure>\n<\/div>\n\n\n\n<div class=\"wp-block-column is-layout-flow wp-block-column-is-layout-flow\" style=\"flex-basis:66.66%\">\n<h1 class=\"wp-block-heading\"><strong>FAIRMOVE f\u00fcr dein Workout <\/strong>zu Hause oder in der Natur<\/h1>\n\n\n\n<p>An dieser Stelle m\u00f6chten wir dir die Chance geben, unsere FAIRMOVE Produkte auch direkt zu kaufen \u2013 entweder als H\u00e4ndler*in oder f\u00fcr dich selbst. In beiden F\u00e4llen bieten wir einen Onlineshop, eine Menge nachhaltiger Produkte und einen rundum durchdachten Kundenservice. F\u00fcr unsere B2B-Kund*innen haben wir ein paar zus\u00e4tzliche <a href=\"https:\/\/www.fairsquared.com\/de\/handel\/\">H\u00e4ndler-Infos<\/a> hinterlegt.<\/p>\n\n\n\n<p><strong>Besuch einfach direkt den entsprechenden Shop f\u00fcr deine Bestellung:<\/strong><\/p>\n\n\n\n<p>Wenn du \u2026<\/p>\n\n\n\n<ul id=\"block-3dfbb003-97d2-4e1d-8434-7ee8900bb96e\" class=\"wp-block-list\">\n<li><strong>Endverbraucher*in<\/strong> bist, nutze <a href=\"https:\/\/fair2.me\/marken\/fair-move\/\" data-type=\"URL\" data-id=\"https:\/\/fair2.me\/marken\/fair-move\/\" target=\"_blank\" rel=\"noreferrer noopener\">fair2.me<\/a><\/li>\n\n\n\n<li><strong>H\u00e4ndler*in<\/strong> bist, ist <a href=\"https:\/\/shop.fairsquared.info\/\" target=\"_blank\" rel=\"noreferrer noopener\">shop.fairsquared.info<\/a> die Adresse deiner Wahl<\/li>\n<\/ul>\n<\/div>\n<\/div>\n\n\n\n<p><\/p>\n","protected":false},"excerpt":{"rendered":"<p>FAIRMOVE f\u00fcr dein Workout zu Hause oder in der Natur An dieser Stelle m\u00f6chten wir dir die Chance geben, unsere FAIRMOVE Produkte auch direkt zu kaufen \u2013 entweder als H\u00e4ndler*in oder f\u00fcr dich selbst. In beiden F\u00e4llen bieten wir einen Onlineshop, eine Menge nachhaltiger Produkte und einen rundum [&hellip;]<\/p>\n","protected":false},"author":2,"featured_media":0,"parent":0,"menu_order":5,"comment_status":"closed","ping_status":"closed","template":"","meta":{"_acf_changed":false,"footnotes":""},"class_list":["post-61","page","type-page","status-publish","hentry"],"acf":[],"_links":{"self":[{"href":"https:\/\/www.fairmove.info\/de\/wp-json\/wp\/v2\/pages\/61","targetHints":{"allow":["GET"]}}],"collection":[{"href":"https:\/\/www.fairmove.info\/de\/wp-json\/wp\/v2\/pages"}],"about":[{"href":"https:\/\/www.fairmove.info\/de\/wp-json\/wp\/v2\/types\/page"}],"author":[{"embeddable":true,"href":"https:\/\/www.fairmove.info\/de\/wp-json\/wp\/v2\/users\/2"}],"replies":[{"embeddable":true,"href":"https:\/\/www.fairmove.info\/de\/wp-json\/wp\/v2\/comments?post=61"}],"version-history":[{"count":9,"href":"https:\/\/www.fairmove.info\/de\/wp-json\/wp\/v2\/pages\/61\/revisions"}],"predecessor-version":[{"id":1816,"href":"https:\/\/www.fairmove.info\/de\/wp-json\/wp\/v2\/pages\/61\/revisions\/1816"}],"wp:attachment":[{"href":"https:\/\/www.fairmove.info\/de\/wp-json\/wp\/v2\/media?parent=61"}],"curies":[{"name":"wp","href":"https:\/\/api.w.org\/{rel}","templated":true}]}}