{"id":55,"date":"2020-12-01T16:15:39","date_gmt":"2020-12-01T16:15:39","guid":{"rendered":"https:\/\/www.fairmove.info\/?page_id=55"},"modified":"2026-01-15T14:36:02","modified_gmt":"2026-01-15T14:36:02","slug":"zertifikate","status":"publish","type":"page","link":"https:\/\/www.fairmove.info\/de\/partner\/zertifikate\/","title":{"rendered":"Fair Rubber"},"content":{"rendered":"\n<div style=\"height:50px\" aria-hidden=\"true\" class=\"wp-block-spacer\"><\/div>\n\n\n\n<div class=\"wp-block-columns is-layout-flex wp-container-core-columns-is-layout-9d6595d7 wp-block-columns-is-layout-flex\">\n<div class=\"wp-block-column is-layout-flow wp-block-column-is-layout-flow\" style=\"flex-basis:25%\">\n<figure class=\"wp-block-image size-large\"><img loading=\"lazy\" decoding=\"async\" width=\"384\" height=\"384\" src=\"https:\/\/www.fairmove.info\/wp-content\/uploads\/2021\/02\/384x384_Fairmove_5.jpg\" alt=\"\" class=\"wp-image-795\" srcset=\"https:\/\/www.fairmove.info\/wp-content\/uploads\/2021\/02\/384x384_Fairmove_5.jpg 384w, https:\/\/www.fairmove.info\/wp-content\/uploads\/2021\/02\/384x384_Fairmove_5-150x150.jpg 150w\" sizes=\"auto, (max-width: 384px) 100vw, 384px\" \/><\/figure>\n<\/div>\n\n\n\n<div class=\"wp-block-column is-layout-flow wp-block-column-is-layout-flow\" style=\"flex-basis:50%\">\n<h1 class=\"wp-block-heading\">Fair Rubber e. V.<\/h1>\n\n\n\n<p>Die Fair Label Organisation e. V. (FLO) erfasst mit ihrem Siegelsystem nicht alle Rohstoffe. So f\u00e4llt zum Beispiel Naturkautschuk \u2013 in fl\u00fcssiger Form: Latex \u2013 nicht in deren Liste der zu zertifizierenden Rohstoffe. Bei Naturkautschuk, das h\u00e4ufig als Gummi bezeichnet wird, handelt es sich um den Saft des tropischen Baums Hevea brasiliensis. Um garantieren zu k\u00f6nnen, dass bei den Anbaubedingungen und dem Weiterverkauf die Arbeits- und Lebensbedingungen verbessert werden, hat sich der Verein Fair Rubber e. V. gegr\u00fcndet. Dieser \u00fcbertr\u00e4gt mit seiner Arbeit die Prinzipien des fairen Handels auf den Kautschukanbau und vergibt f\u00fcr entsprechende Produkte das Fair-Rubber-Logo. <a href=\"http:\/\/www.fairrubber.org\">http:\/\/www.fairrubber.org<\/a><\/p>\n\n\n\n<p><\/p>\n<\/div>\n\n\n\n<div class=\"wp-block-column is-layout-flow wp-block-column-is-layout-flow\" style=\"flex-basis:25%\">\n<figure class=\"wp-block-image size-large\"><img loading=\"lazy\" decoding=\"async\" width=\"384\" height=\"270\" src=\"https:\/\/www.fairmove.info\/wp-content\/uploads\/2021\/02\/rubber.png\" alt=\"\" class=\"wp-image-850\"\/><\/figure>\n<\/div>\n<\/div>\n\n\n\n<p><\/p>\n","protected":false},"excerpt":{"rendered":"<p>Fair Rubber e. V. Die Fair Label Organisation e. V. (FLO) erfasst mit ihrem Siegelsystem nicht alle Rohstoffe. So f\u00e4llt zum Beispiel Naturkautschuk \u2013 in fl\u00fcssiger Form: Latex \u2013 nicht in deren Liste der zu zertifizierenden Rohstoffe. Bei Naturkautschuk, das h\u00e4ufig als Gummi bezeichnet wird, handelt es sich [&hellip;]<\/p>\n","protected":false},"author":2,"featured_media":0,"parent":53,"menu_order":1,"comment_status":"closed","ping_status":"closed","template":"","meta":{"_acf_changed":false,"footnotes":""},"class_list":["post-55","page","type-page","status-publish","hentry"],"acf":[],"_links":{"self":[{"href":"https:\/\/www.fairmove.info\/de\/wp-json\/wp\/v2\/pages\/55","targetHints":{"allow":["GET"]}}],"collection":[{"href":"https:\/\/www.fairmove.info\/de\/wp-json\/wp\/v2\/pages"}],"about":[{"href":"https:\/\/www.fairmove.info\/de\/wp-json\/wp\/v2\/types\/page"}],"author":[{"embeddable":true,"href":"https:\/\/www.fairmove.info\/de\/wp-json\/wp\/v2\/users\/2"}],"replies":[{"embeddable":true,"href":"https:\/\/www.fairmove.info\/de\/wp-json\/wp\/v2\/comments?post=55"}],"version-history":[{"count":14,"href":"https:\/\/www.fairmove.info\/de\/wp-json\/wp\/v2\/pages\/55\/revisions"}],"predecessor-version":[{"id":1812,"href":"https:\/\/www.fairmove.info\/de\/wp-json\/wp\/v2\/pages\/55\/revisions\/1812"}],"up":[{"embeddable":true,"href":"https:\/\/www.fairmove.info\/de\/wp-json\/wp\/v2\/pages\/53"}],"wp:attachment":[{"href":"https:\/\/www.fairmove.info\/de\/wp-json\/wp\/v2\/media?parent=55"}],"curies":[{"name":"wp","href":"https:\/\/api.w.org\/{rel}","templated":true}]}}