{"id":45,"date":"2020-12-01T16:14:07","date_gmt":"2020-12-01T16:14:07","guid":{"rendered":"https:\/\/www.fairmove.info\/?page_id=45"},"modified":"2024-11-27T14:34:45","modified_gmt":"2024-11-27T14:34:45","slug":"faq","status":"publish","type":"page","link":"https:\/\/www.fairmove.info\/de\/fairmove\/faq\/","title":{"rendered":"FAQ"},"content":{"rendered":"\n<div style=\"height:100px\" aria-hidden=\"true\" class=\"wp-block-spacer\"><\/div>\n\n\n\n<h6 class=\"wp-block-heading\">Du vermisst Infos oder hast eine Frage? Bitte wende Dich an unseren&nbsp;<a href=\"https:\/\/www.fair.zone\/de\/kontakt\/\">Kontakt<\/a>, dann k\u00f6nnen wir allgemein relevante Antworten f\u00fcr Dich und die Community hier ver\u00f6ffentlichen.<\/h6>\n\n\n\n<div style=\"height:100px\" aria-hidden=\"true\" class=\"wp-block-spacer\"><\/div>\n\n\n\n<h2 class=\"wp-block-heading\"><strong>Ist Kautschuk nachhaltig?<\/strong><\/h2>\n\n\n\n<p>Naturkautschuk ist ein nat\u00fcrlicher und nachwachsender Rohstoff. Der \u201eHevea Brasiliensis\u201c Baum, aus dem unser Gummi gezapft wird, hat eine exzellente Klimabilanz und speichert sehr viel CO2. F\u00fcr den wachsenden Bedarf unseres Gummis muss kein Dschungel gerodet werden, denn die Plantagen wurden bereits vor \u00fcber 150 Jahren auf Sri Lanka angelegt. Durch die FSC Zertifizierung wird sicher gestellt, dass die Biodiversit\u00e4t erhalten und eine nachhaltige Forstwirtschaft umgesetzt wird. Siehe auch <a href=\"http:\/\/www.fsc.org\">www.fsc.org<\/a><\/p>\n\n\n\n<hr class=\"wp-block-separator has-css-opacity\"\/>\n\n\n\n<h2 class=\"wp-block-heading\"><strong>Sind eure Farbstoffe umweltfreundlich?<\/strong><\/h2>\n\n\n\n<p>Wir verwenden nat\u00fcrliche Pigmente zur Einf\u00e4rbung unserer Produkte. Die von uns verwendeten Pigmente sind ungiftig und schwermetallfrei. Dar\u00fcber hinaus sind die Farbstoffe vegan und tierversuchsfrei.<\/p>\n\n\n\n<hr class=\"wp-block-separator has-css-opacity\"\/>\n\n\n\n<h2 class=\"wp-block-heading\"><strong>Wo werden eure Produkte hergestellt?<\/strong><\/h2>\n\n\n\n<p>All unsere Produkte werden in K\u00f6ln entwickelt und von unseren Partner*innen auf Sri Lanka hergestellt, wo wir auch den Naturkautschuk beziehen.<\/p>\n\n\n\n<hr class=\"wp-block-separator has-css-opacity\"\/>\n\n\n\n<h2 class=\"wp-block-heading\"><strong>Eure Fitnessprodukte sind umweltfreundlich, aber ihr bezieht eure Ware aus Sri Lanka, wie kann das umweltfreundlich sein?<\/strong><\/h2>\n\n\n\n<p>F\u00fcr die Klimabilanz ist es umweltfreundlicher, wenn wir den nat\u00fcrlichen und in FSC zertifizierten Plantagen nachwachsenden Rohstoff Naturkautschuk f\u00fcr unsere Produkte verwenden und mit dem Schiff nach Deutschland bringen, als Produkte anzubieten, die erd\u00f6lbasierend aus Kunststoff sonst wo auf der Welt hergestellt werden.<\/p>\n\n\n\n<p>Der positive Nebeneffekt bei unseren Produkten liegt darin, dass unsere Produzierende an jedem verkauften Naturkautschuk Produkt im Rahmen einer Fair Trade Pr\u00e4mie partizipiert haben. Siehe auch <a href=\"https:\/\/www.fairrubber.org\/#!\">www.fairrubber.org<\/a><\/p>\n\n\n\n<hr class=\"wp-block-separator has-css-opacity\"\/>\n\n\n\n<h2 class=\"wp-block-heading\"><strong>Verwendet ihr Plastik beim Versand eurer Produkte?<\/strong><\/h2>\n\n\n\n<p>Plastik hat bei uns nichts zu suchen!<br>Wir sind ein Zero Waste Unternehmen und verwenden beim Versand unserer Produkte kein Plastik.&nbsp; Unsere Packmittel bestehen ausschlie\u00dflich aus Pappe, die wir meistens aus zugesendeten Paketen wieder verwenden.<\/p>\n\n\n\n<hr class=\"wp-block-separator has-css-opacity\"\/>\n\n\n\n<h2 class=\"wp-block-heading\"><strong>Sind eure Yogamatten rutschfest?<\/strong><\/h2>\n\n\n\n<p>Ja, unsere Matte ist rutschfest!<br>Es war uns wichtig eine Yogamatte zu produzieren auf der Du einen guten Halt hast.<br>Unsere Yogamatte bestehet aus Naturkautschuk und hat somit automatisch mehr Grip als die meisten PVC-Yogamatten.<br>Dennoch ist die Rutschfestigkeit sehr individuell \u2013 manche Menschen schwitzen mehr als andere, dadurch ver\u00e4ndert sich dann der Halt auf der Matte.<\/p>\n\n\n\n<hr class=\"wp-block-separator has-css-opacity\"\/>\n\n\n\n<h2 class=\"wp-block-heading\"><strong>Habt ihr noch weitere Produkte geplant?<\/strong><\/h2>\n\n\n\n<p>Ja! Wir sind dabei noch andere Produkte zu entwickeln und unser Sortiment in den Bereichen Sport &amp; Gesundheit stetig zu erweitern. Es gibt doch noch so viele M\u00f6glichkeiten, wo wir Plastik durch Gummi ersetzen k\u00f6nnen. Hast du eine Idee oder Wunsch, dann schreib uns doch eine Email.<\/p>\n\n\n\n<hr class=\"wp-block-separator has-css-opacity\"\/>\n\n\n\n<p><br><br><\/p>\n\n\n\n<p><br><\/p>\n\n\n\n<p><br><\/p>\n","protected":false},"excerpt":{"rendered":"<p>Du vermisst Infos oder hast eine Frage? Bitte wende Dich an unseren&nbsp;Kontakt, dann k\u00f6nnen wir allgemein relevante Antworten f\u00fcr Dich und die Community hier ver\u00f6ffentlichen. Ist Kautschuk nachhaltig? Naturkautschuk ist ein nat\u00fcrlicher und nachwachsender Rohstoff. Der \u201eHevea Brasiliensis\u201c Baum, aus dem unser Gummi gezapft wird, hat eine exzellente [&hellip;]<\/p>\n","protected":false},"author":2,"featured_media":0,"parent":39,"menu_order":3,"comment_status":"closed","ping_status":"closed","template":"","meta":{"_acf_changed":false,"footnotes":""},"class_list":["post-45","page","type-page","status-publish","hentry"],"acf":[],"_links":{"self":[{"href":"https:\/\/www.fairmove.info\/de\/wp-json\/wp\/v2\/pages\/45","targetHints":{"allow":["GET"]}}],"collection":[{"href":"https:\/\/www.fairmove.info\/de\/wp-json\/wp\/v2\/pages"}],"about":[{"href":"https:\/\/www.fairmove.info\/de\/wp-json\/wp\/v2\/types\/page"}],"author":[{"embeddable":true,"href":"https:\/\/www.fairmove.info\/de\/wp-json\/wp\/v2\/users\/2"}],"replies":[{"embeddable":true,"href":"https:\/\/www.fairmove.info\/de\/wp-json\/wp\/v2\/comments?post=45"}],"version-history":[{"count":12,"href":"https:\/\/www.fairmove.info\/de\/wp-json\/wp\/v2\/pages\/45\/revisions"}],"predecessor-version":[{"id":1701,"href":"https:\/\/www.fairmove.info\/de\/wp-json\/wp\/v2\/pages\/45\/revisions\/1701"}],"up":[{"embeddable":true,"href":"https:\/\/www.fairmove.info\/de\/wp-json\/wp\/v2\/pages\/39"}],"wp:attachment":[{"href":"https:\/\/www.fairmove.info\/de\/wp-json\/wp\/v2\/media?parent=45"}],"curies":[{"name":"wp","href":"https:\/\/api.w.org\/{rel}","templated":true}]}}