{"id":43,"date":"2020-12-01T16:13:52","date_gmt":"2020-12-01T16:13:52","guid":{"rendered":"https:\/\/www.fairmove.info\/?page_id=43"},"modified":"2021-02-23T09:26:23","modified_gmt":"2021-02-23T09:26:23","slug":"prinzipien","status":"publish","type":"page","link":"https:\/\/www.fairmove.info\/de\/fairmove\/prinzipien\/","title":{"rendered":"We \ud83e\udde1 Rubber"},"content":{"rendered":"\n<div style=\"height:50px\" aria-hidden=\"true\" class=\"wp-block-spacer\"><\/div>\n\n\n\n<div class=\"wp-block-columns is-layout-flex wp-container-core-columns-is-layout-9d6595d7 wp-block-columns-is-layout-flex\">\n<div class=\"wp-block-column is-layout-flow wp-block-column-is-layout-flow\" style=\"flex-basis:33.33%\">\n<figure class=\"wp-block-image size-large\"><img loading=\"lazy\" decoding=\"async\" width=\"384\" height=\"384\" src=\"https:\/\/www.fairmove.info\/wp-content\/uploads\/2021\/02\/384x384_Fairmove_5.jpg\" alt=\"\" class=\"wp-image-795\" srcset=\"https:\/\/www.fairmove.info\/wp-content\/uploads\/2021\/02\/384x384_Fairmove_5.jpg 384w, https:\/\/www.fairmove.info\/wp-content\/uploads\/2021\/02\/384x384_Fairmove_5-150x150.jpg 150w\" sizes=\"auto, (max-width: 384px) 100vw, 384px\" \/><\/figure>\n<\/div>\n\n\n\n<div class=\"wp-block-column is-layout-flow wp-block-column-is-layout-flow\" style=\"flex-basis:66.66%\">\n<h1 class=\"wp-block-heading\">We \ud83e\udde1 Rubber<\/h1>\n\n\n\n<p><strong>Ein Wunder der Natur &#8211; Naturkautschuk<\/strong><\/p>\n\n\n\n<p>Unser gesamtes Sortiment besteht aus fair gehandeltem Naturkautschuk, ein Produkt, \u00fcber das sich nicht nur die Umwelt freut, sondern auch Du profitierst noch Jahre sp\u00e4ter davon.<br>Naturkautschuk ist zu 100 % biologisch abbaubar und ein sehr strapazierf\u00e4hig Material, also eine Win-Win-Situation f\u00fcr Mensch und Umwelt.<br>Neben der tollen Eigenschaft, dass Naturkautschuk biologisch abbaubar ist, ist der Kautschukbaum ein wahrer Klimaretter: Der Kautschukbaum (Hevea Brasiliensis) absorbiert eine Menge CO2 und wirkt so dem Klimawandel entgegen. Dies kann in einer sehr gro\u00dfen Menge erfolgen, sodass Kautschukb\u00e4ume mehr CO2 absorbieren als die meisten tropischen Regenw\u00e4lder.<\/p>\n\n\n\n<p>Wir beziehen unseren zertifizierten Naturkautschuk von nachhaltigen Kautschukfarmen auf Sri Lanka, Indien und Thailand.<br>Da wir Mitbegr\u00fcnder des Fair Rubber e.V. sind, bezahlen wir einen Mehrpreis f\u00fcr den kostbaren Saft, den die Latexzapfer*innen zur Verbesserung ihrer Arbeits- und Lebensbedingungen verwenden.<br> (<a href=\"http:\/\/www.fairrubber.org\">www.fairrubber.org<\/a>)<\/p>\n\n\n\n<p><br>Der Verein \u00fcbertr\u00e4gt die Prinzipien des fairen Handels auf den Kautschukanbau.<\/p>\n\n\n\n<p><strong>Was ist das Besondere an Sportequipment aus Naturkautschuk?<\/strong><\/p>\n\n\n\n<p>Besonders in den letzten Jahren kamen W\u00f6rter wie Phthalate oder krebserregende Nitrosamine immer wieder im Zusammenhang mit Sportequipment auf.<br>Das ist ein absolutes No-Go f\u00fcr uns!<br>Eine Sache steht f\u00fcr uns an erster Stelle &#8211; K\u00fcnstliche Weichmacher, Schadstoffe und aggressive Farbstoffe geh\u00f6ren nicht in unser Equipment.<\/p>\n\n\n\n<p>Neben der Tatsache, dass unsere Produkte nicht gesundheitssch\u00e4dlich sind, ist unser Equipment im trockenen Zustand extrem rutschfest. Selbst bei schwei\u00dftreibenden \u00dcbungen kommst Du nicht ins Rutschen und hast auch bei l\u00e4ngeren Workouts einen sehr guten Halt.<br>In unsere Yogamatte haben wir zudem eine d\u00fcnne Baumwollgewebsschicht mit eingepresst, damit Du bei Deiner Yogapraxis einen h\u00f6heren Komfort hast.<br><br>Du kannst dir sicher sein, dass Du mit einem Kauf von unseren FAIRMOVE Produkten nichts falsch machst und zu 100 % gute Karmapunkte sammelst. \ud83d\ude09<\/p>\n<\/div>\n<\/div>\n","protected":false},"excerpt":{"rendered":"<p>We \ud83e\udde1 Rubber Ein Wunder der Natur &#8211; Naturkautschuk Unser gesamtes Sortiment besteht aus fair gehandeltem Naturkautschuk, ein Produkt, \u00fcber das sich nicht nur die Umwelt freut, sondern auch Du profitierst noch Jahre sp\u00e4ter davon.Naturkautschuk ist zu 100 % biologisch abbaubar und ein sehr strapazierf\u00e4hig Material, also eine [&hellip;]<\/p>\n","protected":false},"author":2,"featured_media":0,"parent":39,"menu_order":2,"comment_status":"closed","ping_status":"closed","template":"","meta":{"_acf_changed":false,"footnotes":""},"class_list":["post-43","page","type-page","status-publish","hentry"],"acf":[],"_links":{"self":[{"href":"https:\/\/www.fairmove.info\/de\/wp-json\/wp\/v2\/pages\/43","targetHints":{"allow":["GET"]}}],"collection":[{"href":"https:\/\/www.fairmove.info\/de\/wp-json\/wp\/v2\/pages"}],"about":[{"href":"https:\/\/www.fairmove.info\/de\/wp-json\/wp\/v2\/types\/page"}],"author":[{"embeddable":true,"href":"https:\/\/www.fairmove.info\/de\/wp-json\/wp\/v2\/users\/2"}],"replies":[{"embeddable":true,"href":"https:\/\/www.fairmove.info\/de\/wp-json\/wp\/v2\/comments?post=43"}],"version-history":[{"count":7,"href":"https:\/\/www.fairmove.info\/de\/wp-json\/wp\/v2\/pages\/43\/revisions"}],"predecessor-version":[{"id":806,"href":"https:\/\/www.fairmove.info\/de\/wp-json\/wp\/v2\/pages\/43\/revisions\/806"}],"up":[{"embeddable":true,"href":"https:\/\/www.fairmove.info\/de\/wp-json\/wp\/v2\/pages\/39"}],"wp:attachment":[{"href":"https:\/\/www.fairmove.info\/de\/wp-json\/wp\/v2\/media?parent=43"}],"curies":[{"name":"wp","href":"https:\/\/api.w.org\/{rel}","templated":true}]}}