{"id":41,"date":"2020-12-01T16:13:35","date_gmt":"2020-12-01T16:13:35","guid":{"rendered":"https:\/\/www.fairmove.info\/?page_id=41"},"modified":"2021-03-18T07:47:41","modified_gmt":"2021-03-18T07:47:41","slug":"ueber-uns","status":"publish","type":"page","link":"https:\/\/www.fairmove.info\/de\/fairmove\/ueber-uns\/","title":{"rendered":"\u00dcber uns"},"content":{"rendered":"\n<div style=\"height:50px\" aria-hidden=\"true\" class=\"wp-block-spacer\"><\/div>\n\n\n\n<div class=\"wp-block-columns is-layout-flex wp-container-core-columns-is-layout-9d6595d7 wp-block-columns-is-layout-flex\">\n<div class=\"wp-block-column is-layout-flow wp-block-column-is-layout-flow\" style=\"flex-basis:33.33%\">\n<figure class=\"wp-block-image size-large\"><img loading=\"lazy\" decoding=\"async\" width=\"384\" height=\"384\" src=\"https:\/\/www.fairmove.info\/wp-content\/uploads\/2021\/03\/384x384_Katha.jpg\" alt=\"\u00dcber uns\" class=\"wp-image-1164\" srcset=\"https:\/\/www.fairmove.info\/wp-content\/uploads\/2021\/03\/384x384_Katha.jpg 384w, https:\/\/www.fairmove.info\/wp-content\/uploads\/2021\/03\/384x384_Katha-150x150.jpg 150w\" sizes=\"auto, (max-width: 384px) 100vw, 384px\" \/><\/figure>\n<\/div>\n\n\n\n<div class=\"wp-block-column is-layout-flow wp-block-column-is-layout-flow\" style=\"flex-basis:66.66%\">\n<h1 class=\"wp-block-heading\">Sport und Nachhaltigkeit vereint in einer Marke<\/h1>\n\n\n\n<p>Unter der Marke FAIRMOVE findet ihr alles rund um das Thema Sport, Nachhaltigkeit und Gesundheit.<\/p>\n\n\n\n<p>Gestartet sind wir mit dem Wunsch, eine Yogamatte aus fair gehandelten Naturkautschuk herzustellen. Aus der Idee folgten Taten \u2013 nach vielen Reisen und Tests gab es unsere erste, froschgr\u00fcne Yogamatte.<br>Nachdem wir gemerkt haben, dass diese Matte gut ankam, haben wir mehr Farben produzieren lassen. Der Wunsch, weitere Sportprodukte aus fair gehandelten und nachhaltigen Werkstoffen herzustellen, wurde immer gr\u00f6\u00dfer.<\/p>\n\n\n\n<p>Es gibt sehr viele Anbieter f\u00fcr Sportequipment, aber jetzt mal ehrlich \u2013 wisst ihr, ob f\u00fcr die Produktion eurer Faszienrolle ein fairer Lohn bezahlt wurde oder welche Materialien wirklich in eurer Yogamatte stecken?<br>Nat\u00fcrlich findet ihr hier und da ein paar Informationen zu den verarbeiteten Materialien und den Prozessen, die dahinter stecken. Aber bis ins Detail werden die Produktionswege meistens nicht beleuchtet.<br>Genau das haben wir bei FAIRMOVE ge\u00e4ndert und bieten euch Nachhaltigkeit, Transparenz und faire Arbeitsbedingungen f\u00fcr Eure Sport- und Gesundheitsprodukte.<\/p>\n\n\n\n<p><strong>Faire Entlohnung entlang der gesamten Produktionskette<\/strong><\/p>\n\n\n\n<p>Uns liegt es am Herzen, unsere Mitarbeitenden fair zu entlohnen mit besonderem Augenmerk auf die weniger privilegierten Regionen, aus denen wir einen Gro\u00dfteil unserer Rohstoffe beziehen. Da fast alle Produkte bei Fair Move aus Naturkautschuk bestehen, geht es vorrangig um die Kleinb\u00e4uer*innen, die den Naturkautschuk auf Sri Lanka oder Indien ernten und verarbeiten. Um diesen Menschen einen nachhaltigen Lebensunterhalt zu sichern, bezahlen wir f\u00fcr unseren fair gehandelten Naturkautschuk einen Mindestpreis und eine zus\u00e4tzliche Fair Trade Pr\u00e4mie. Wir sind stolz darauf, dass wir den Verein Fair Rubber (<a href=\"http:\/\/www.fairrubber.org\">www.fairrubber.org<\/a>) mitbegr\u00fcndet haben. Und nat\u00fcrlich bem\u00fchen wir uns seither um den Einsatz von Naturkautschuk anstatt petrochemischer Werkstoffe, wie Plastik.<\/p>\n\n\n\n<p><br><strong>Wer steckt hinter der Marke FAIRMOVE?<\/strong><\/p>\n\n\n\n<p>Hinter der Marke FAIRMOVE steckt die Fraktion der sportbegeisterten Mitarbeitenden der Fair Squared GmbH. Schaut mal auf <a href=\"http:\/\/www.Fairsquared.com\">www.Fairsquared.com<\/a> oder <a href=\"http:\/\/www.fair.zone\">www.fair.zone<\/a> und entdeckt, was unsere Kolleg*innen noch so alles herstellen.<\/p>\n<\/div>\n<\/div>\n","protected":false},"excerpt":{"rendered":"<p>Sport und Nachhaltigkeit vereint in einer Marke Unter der Marke FAIRMOVE findet ihr alles rund um das Thema Sport, Nachhaltigkeit und Gesundheit. Gestartet sind wir mit dem Wunsch, eine Yogamatte aus fair gehandelten Naturkautschuk herzustellen. Aus der Idee folgten Taten \u2013 nach vielen Reisen und Tests gab es [&hellip;]<\/p>\n","protected":false},"author":2,"featured_media":0,"parent":39,"menu_order":1,"comment_status":"closed","ping_status":"closed","template":"","meta":{"_acf_changed":false,"footnotes":""},"class_list":["post-41","page","type-page","status-publish","hentry"],"acf":[],"_links":{"self":[{"href":"https:\/\/www.fairmove.info\/de\/wp-json\/wp\/v2\/pages\/41","targetHints":{"allow":["GET"]}}],"collection":[{"href":"https:\/\/www.fairmove.info\/de\/wp-json\/wp\/v2\/pages"}],"about":[{"href":"https:\/\/www.fairmove.info\/de\/wp-json\/wp\/v2\/types\/page"}],"author":[{"embeddable":true,"href":"https:\/\/www.fairmove.info\/de\/wp-json\/wp\/v2\/users\/2"}],"replies":[{"embeddable":true,"href":"https:\/\/www.fairmove.info\/de\/wp-json\/wp\/v2\/comments?post=41"}],"version-history":[{"count":6,"href":"https:\/\/www.fairmove.info\/de\/wp-json\/wp\/v2\/pages\/41\/revisions"}],"predecessor-version":[{"id":1167,"href":"https:\/\/www.fairmove.info\/de\/wp-json\/wp\/v2\/pages\/41\/revisions\/1167"}],"up":[{"embeddable":true,"href":"https:\/\/www.fairmove.info\/de\/wp-json\/wp\/v2\/pages\/39"}],"wp:attachment":[{"href":"https:\/\/www.fairmove.info\/de\/wp-json\/wp\/v2\/media?parent=41"}],"curies":[{"name":"wp","href":"https:\/\/api.w.org\/{rel}","templated":true}]}}