{"id":37,"date":"2020-12-01T16:12:52","date_gmt":"2020-12-01T16:12:52","guid":{"rendered":"https:\/\/www.fairmove.info\/?page_id=37"},"modified":"2026-01-15T14:00:23","modified_gmt":"2026-01-15T14:00:23","slug":"start","status":"publish","type":"page","link":"https:\/\/www.fairmove.info\/de\/","title":{"rendered":"Start"},"content":{"rendered":"\n<div style=\"height:20px\" aria-hidden=\"true\" class=\"wp-block-spacer\"><\/div>\n\n\n\n<h1 class=\"wp-block-heading\"><strong>Sport geht auch nachhaltig<\/strong><\/h1>\n\n\n\n<div style=\"height:20px\" aria-hidden=\"true\" class=\"wp-block-spacer\"><\/div>\n\n\n\n<p>Bei FAIRMOVE findest Du nachhaltiges und hocheffektives Sportequipment aus fair gehandeltem Naturkautschuk. Unser gr\u00f6\u00dfter Anspruch ist es, Sportequipment herzustellen, welches nachhaltig produziert wurde, schonend zur Umwelt ist und keinerlei Schadstoffe enth\u00e4lt. <br><\/p>\n\n\n\n<p>Mit unserem Equipment aus nachhaltigem Naturkautschuk konnten wir diese Ziele erfolgreich umsetzen.&nbsp;<\/p>\n\n\n\n<div style=\"height:50px\" aria-hidden=\"true\" class=\"wp-block-spacer\"><\/div>\n\n\n\n<hr class=\"wp-block-separator has-css-opacity\"\/>\n\n\n\n<div class=\"wp-block-columns is-layout-flex wp-container-core-columns-is-layout-9d6595d7 wp-block-columns-is-layout-flex\">\n<div class=\"wp-block-column is-layout-flow wp-block-column-is-layout-flow\" style=\"flex-basis:33.33%\">\n<figure class=\"wp-block-image size-large\"><img loading=\"lazy\" decoding=\"async\" width=\"395\" height=\"198\" src=\"https:\/\/www.fairmove.info\/wp-content\/uploads\/2021\/02\/395x198_Fairmove_6.jpg\" alt=\"\" class=\"wp-image-748\"\/><\/figure>\n<\/div>\n\n\n\n<div class=\"wp-block-column is-layout-flow wp-block-column-is-layout-flow\" style=\"flex-basis:66.66%\">\n<h2 class=\"wp-block-heading\">RUTSCHFEST<\/h2>\n\n\n\n<p>Unsere Yogamatten bieten Dir optimalen Halt, auch bei schwei\u00dftreibenden Yogaeinheiten.<br>Naturkautschuk ist ein sehr robustes Material und sorgt daf\u00fcr, dass Du nicht ins Rutschen kommst.<br>Nat\u00fcrlich ist unsere Matte nicht nur f\u00fcr Yoga Sessions geeignet, sondern bietet Dir auch bei s\u00e4mtlichen anderen Sporteinheiten Komfort und Halt.<\/p>\n<\/div>\n<\/div>\n\n\n\n<div class=\"wp-block-columns is-layout-flex wp-container-core-columns-is-layout-9d6595d7 wp-block-columns-is-layout-flex\">\n<div class=\"wp-block-column is-layout-flow wp-block-column-is-layout-flow\" style=\"flex-basis:66.66%\">\n<h2 class=\"wp-block-heading\">SCHADSTOFFFREI<\/h2>\n\n\n\n<p>Bei unseren Recherchen sind wir immer wieder auf Sportequipment gesto\u00dfen, welches schadstoffbelastet ist und potenziell krebserregende Weichmacher enth\u00e4lt.<br>Durch den Schwei\u00df \u00fcbertragen sich diese Weichmacher sehr schnell auf Deine Haut und gelangen so in Deinen Organismus.<br>Dadurch, dass unser Fitnessequipment aus nachhaltig angebautem Naturkautschuk besteht, sind unsere Produkte schadstofffrei und enthalten keine gef\u00e4hrlichen Phthalate.<\/p>\n<\/div>\n\n\n\n<div class=\"wp-block-column is-layout-flow wp-block-column-is-layout-flow\" style=\"flex-basis:33.33%\">\n<figure class=\"wp-block-image size-full\"><img loading=\"lazy\" decoding=\"async\" width=\"2000\" height=\"2000\" src=\"https:\/\/www.fairmove.info\/wp-content\/uploads\/2024\/04\/Produkt-Flex-bar-1.jpg\" alt=\"\" class=\"wp-image-1565\" srcset=\"https:\/\/www.fairmove.info\/wp-content\/uploads\/2024\/04\/Produkt-Flex-bar-1.jpg 2000w, https:\/\/www.fairmove.info\/wp-content\/uploads\/2024\/04\/Produkt-Flex-bar-1-768x768.jpg 768w, https:\/\/www.fairmove.info\/wp-content\/uploads\/2024\/04\/Produkt-Flex-bar-1-150x150.jpg 150w, https:\/\/www.fairmove.info\/wp-content\/uploads\/2024\/04\/Produkt-Flex-bar-1-1536x1536.jpg 1536w\" sizes=\"auto, (max-width: 2000px) 100vw, 2000px\" \/><\/figure>\n<\/div>\n<\/div>\n\n\n\n<div class=\"wp-block-columns is-layout-flex wp-container-core-columns-is-layout-9d6595d7 wp-block-columns-is-layout-flex\">\n<div class=\"wp-block-column is-layout-flow wp-block-column-is-layout-flow\" style=\"flex-basis:33.33%\">\n<figure class=\"wp-block-image size-full\"><img loading=\"lazy\" decoding=\"async\" width=\"384\" height=\"384\" src=\"https:\/\/www.fairmove.info\/wp-content\/uploads\/2021\/09\/Loops.jpg\" alt=\"\" class=\"wp-image-1521\" srcset=\"https:\/\/www.fairmove.info\/wp-content\/uploads\/2021\/09\/Loops.jpg 384w, https:\/\/www.fairmove.info\/wp-content\/uploads\/2021\/09\/Loops-150x150.jpg 150w\" sizes=\"auto, (max-width: 384px) 100vw, 384px\" \/><\/figure>\n<\/div>\n\n\n\n<div class=\"wp-block-column is-layout-flow wp-block-column-is-layout-flow\" style=\"flex-basis:66.66%\">\n<h2 class=\"wp-block-heading\">UMWELTFREUNDLICH<\/h2>\n\n\n\n<p>Naturkautschuk ist ein nachwachsender Rohstoff, welcher biologisch abbaubar ist und sich somit wieder in den Kreislauf der Natur einf\u00fcgt.<br>Wenn Du Dein Fair Move Sportequipment in der Natur verlieren solltest, w\u00fcrde es keinerlei Schaden anrichten, da es von Mikroorganismen zersetzt wird.<br>Zudem haben Kautschukb\u00e4ume die tolle Eigenschaft, dass sie eine gro\u00dfe Menge an CO2 absorbieren k\u00f6nnen.<\/p>\n<\/div>\n<\/div>\n\n\n\n<hr class=\"wp-block-separator has-css-opacity\"\/>\n\n\n\n<figure class=\"wp-block-video\"><video controls src=\"https:\/\/www.fairmove.info\/wp-content\/uploads\/2021\/06\/Video_FairMove_FINAL2.0_kl.mov\"><\/video><\/figure>\n\n\n\n<div style=\"height:50px\" aria-hidden=\"true\" class=\"wp-block-spacer\"><\/div>\n\n\n\n<div class=\"wp-block-columns is-layout-flex wp-container-core-columns-is-layout-9d6595d7 wp-block-columns-is-layout-flex\">\n<div class=\"wp-block-column is-layout-flow wp-block-column-is-layout-flow\" style=\"flex-basis:66.66%\">\n<h2 class=\"wp-block-heading\">Faire Entlohnung entlang der gesamten Produktionskette<\/h2>\n\n\n\n<p>Uns liegt es am Herzen unsere Mitarbeitenden fair zu entlohnen mit besonderem Augenmerk auf die L\u00e4nder, aus denen wir einen Gro\u00dfteil unserer Rohstoffe beziehen, n\u00e4mlich Sri Lanka, Indien oder Thailand. Da fast alle Produkte bei Fairmove aus Naturkautschuk bestehen, geht es vorrangig um die Kleinb\u00e4uer*innen die den Naturkautschuk ernten und verarbeiten.<\/p>\n\n\n\n<p>Da wir mit diesen Menschen Hand in Hand arbeiten, bezahlen wir f\u00fcr den kostbaren Rohstoff eine Pr\u00e4mie von 50 Cent pro Kilo Latex (siehe auch www.fairrubber.org). Zudem sind wir Mitbegr\u00fcnder des Fair Rubber Vereins und werben seither f\u00fcr den fairen Einsatz von Naturkautschuk.<\/p>\n\n\n\n<p>Da die Mitarbeitenden auf den Plantagen oft schlecht bezahlt werden und unter der Armutsgrenze leben, setzt sich der Verein f\u00fcr die Zertifizierung von Naturgummi ein und stellt so durch den Verkauf der Produkte sicher, dass die Mitarbeitenden auf den Plantagen fair entlohnt werden. Du kannst Dir also sicher sein, dass Du mit einem Kauf eines Naturkautschuk Produkts von FAIRMOVE, die Partnerschaft mit den Menschen auf Sri Lanka, Indien oder Thailand unterst\u00fctzt.<\/p>\n<\/div>\n\n\n\n<div class=\"wp-block-column is-layout-flow wp-block-column-is-layout-flow\" style=\"flex-basis:33.33%\">\n<figure class=\"wp-block-image size-large\"><img loading=\"lazy\" decoding=\"async\" width=\"384\" height=\"576\" src=\"https:\/\/www.fairmove.info\/wp-content\/uploads\/2021\/02\/384x576_fairmove_1.jpg\" alt=\"\" class=\"wp-image-760\"\/><\/figure>\n<\/div>\n<\/div>\n\n\n\n<div style=\"height:100px\" aria-hidden=\"true\" class=\"wp-block-spacer\"><\/div>\n\n\n              \r\n                <div class=\"slider-2 row\">\r\n\r\n                \r\n                  <a href=\"https:\/\/www.fairmove.info\/de\/produkte\/\" class=\"item col-xs-12 col-sm-4\">\r\n                    <div class=\"image\">\r\n                      <img decoding=\"async\" src=\"https:\/\/www.fairmove.info\/wp-content\/uploads\/2020\/12\/icon-orange-1.jpg\" alt=\"\" \/>\r\n                    <\/div>\r\n                    <div class=\"text\">\r\n                      <h2>1st Collection &#8211; Produkte<\/h2>\r\n                      <p><\/p>\r\n                    <\/div>\r\n                    <div class=\"link\">\r\n                      <p class=\"btn btn-primary\">Entdecken<\/p>\r\n                    <\/div>\r\n                  <\/a>\r\n\r\n                \r\n                  <a href=\"https:\/\/www.fairmove.info\/de\/fairmove\/ueber-uns\/\" class=\"item col-xs-12 col-sm-4\">\r\n                    <div class=\"image\">\r\n                      <img decoding=\"async\" src=\"https:\/\/www.fairmove.info\/wp-content\/uploads\/2020\/12\/icon-orange.jpg\" alt=\"\" \/>\r\n                    <\/div>\r\n                    <div class=\"text\">\r\n                      <h2>Das sind wir<\/h2>\r\n                      <p><\/p>\r\n                    <\/div>\r\n                    <div class=\"link\">\r\n                      <p class=\"btn btn-primary\">Entdecken<\/p>\r\n                    <\/div>\r\n                  <\/a>\r\n\r\n                \r\n                  <a href=\"https:\/\/www.fairmove.info\/de\/partner\/\" class=\"item col-xs-12 col-sm-4\">\r\n                    <div class=\"image\">\r\n                      <img decoding=\"async\" src=\"https:\/\/www.fairmove.info\/wp-content\/uploads\/2020\/12\/icon-gruen-1.jpg\" alt=\"Icon\" \/>\r\n                    <\/div>\r\n                    <div class=\"text\">\r\n                      <h2>Partnerschaften<\/h2>\r\n                      <p><\/p>\r\n                    <\/div>\r\n                    <div class=\"link\">\r\n                      <p class=\"btn btn-primary\">Entdecken<\/p>\r\n                    <\/div>\r\n                  <\/a>\r\n\r\n                \r\n                <\/div>\r\n\r\n              \n\n\n<div style=\"height:100px\" aria-hidden=\"true\" class=\"wp-block-spacer\"><\/div>\n\n\n\n<h2 class=\"wp-block-heading\"><strong>Wir verzichten auf Plastik \u2013 Hello Zero Waste<\/strong><\/h2>\n\n\n\n<p>Es werden j\u00e4hrlich ca. 400 Millionen Tonnen Plastikm\u00fcll produziert, das ist eine gro\u00dfe Menge, die meistens im Meer landet und damit Millionen Meeresv\u00f6gel und ca. 135.000 Meeress\u00e4ugern j\u00e4hrlich das Leben kostet. Dreiviertel des Plastikm\u00fclls braucht Jahrhunderte, um von der Sonne und Salzwasser vollst\u00e4ndig zersetzt zu werden. Wir wollen vor diesen Problemen nicht die Augen verschlie\u00dfen und steuern daher aktiv gegen die Verschmutzung der Weltmeere an.<br>Unser gesamtes Sortiment ist plastikfrei und auch bei den Verpackungen und dem Versand haben wir auf jeglichen Kunststoff verzichtet.<br>Bei den Verpackungen setzen wir nur FSC\u00ae-zertifizierte Materialien ein.<br>Der FSC\u00ae (Forest Stewardship Council\u00ae) setzt sich f\u00fcr die F\u00f6rderung einer umweltfreundlichen, sozialf\u00f6rderlichen und \u00f6konomisch tragf\u00e4higen Bewirtschaftung von W\u00e4ldern ein, sodass diese im Sinne der sozialen, \u00f6konomischen und \u00f6kologischen Bed\u00fcrfnisse heutiger und zuk\u00fcnftiger Generationen genutzt werden und langfristig erhalten bleiben. Das Label sichert, dass entlang der gesamten Wertsch\u00f6pfungskette nur FSC\u00ae -zertifizierte und kontrollierte Materialien verwendet werden.<\/p>\n\n\n\n<p><\/p>\n\n\n\n<p><br><br><\/p>\n\n\n\n<div style=\"height:100px\" aria-hidden=\"true\" class=\"wp-block-spacer\"><\/div>\n\n\n                \r\n                  <div class=\"cards-1\">\r\n                    <div class=\"row\">\r\n\r\n                    \r\n                      <div class=\"col-12 col-sm-6 col-md-4\">\r\n                        <a href=\"https:\/\/www.fairmove.info\/de\/shop\/\" class=\"item\">\r\n                          <div class=\"image\">\r\n                            <img decoding=\"async\" src=\"https:\/\/www.fairmove.info\/wp-content\/uploads\/2021\/02\/384x384_Fairmove_1.jpg\" alt=\"\" \/>\r\n                          <\/div>\r\n                          <div class=\"text\">\r\n                            <h2>Wo gibt es FAIRMOVE<\/h2>\r\n                            <p><\/p>\r\n                          <\/div>\r\n                          <div class=\"link\">\r\n                            <p>Mehr erfahren<\/p>\r\n                          <\/div>\r\n                        <\/a>\r\n                      <\/div>\r\n\r\n                    \r\n                      <div class=\"col-12 col-sm-6 col-md-4\">\r\n                        <a href=\"https:\/\/www.fairmove.info\/de\/produkte\/yoga\/\" class=\"item\">\r\n                          <div class=\"image\">\r\n                            <img decoding=\"async\" src=\"https:\/\/www.fairmove.info\/wp-content\/uploads\/2021\/02\/384x384_Fairmove_3.jpg\" alt=\"\" \/>\r\n                          <\/div>\r\n                          <div class=\"text\">\r\n                            <h2>Yogasortiment<\/h2>\r\n                            <p><\/p>\r\n                          <\/div>\r\n                          <div class=\"link\">\r\n                            <p>Mehr erfahren<\/p>\r\n                          <\/div>\r\n                        <\/a>\r\n                      <\/div>\r\n\r\n                    \r\n                      <div class=\"col-12 col-sm-6 col-md-4\">\r\n                        <a href=\"https:\/\/www.fairmove.info\/de\/kontakt\/\" class=\"item\">\r\n                          <div class=\"image\">\r\n                            <img decoding=\"async\" src=\"https:\/\/www.fairmove.info\/wp-content\/uploads\/2021\/02\/384x384_Fairmove_2.jpg\" alt=\"\" \/>\r\n                          <\/div>\r\n                          <div class=\"text\">\r\n                            <h2>Kontakt zu FAIRMOVE<\/h2>\r\n                            <p><\/p>\r\n                          <\/div>\r\n                          <div class=\"link\">\r\n                            <p>Mehr erfahren<\/p>\r\n                          <\/div>\r\n                        <\/a>\r\n                      <\/div>\r\n\r\n                    \r\n                    <\/div>\r\n                  <\/div>\r\n\r\n                ","protected":false},"excerpt":{"rendered":"<p>Sport geht auch nachhaltig Bei FAIRMOVE findest Du nachhaltiges und hocheffektives Sportequipment aus fair gehandeltem Naturkautschuk. Unser gr\u00f6\u00dfter Anspruch ist es, Sportequipment herzustellen, welches nachhaltig produziert wurde, schonend zur Umwelt ist und keinerlei Schadstoffe enth\u00e4lt. Mit unserem Equipment aus nachhaltigem Naturkautschuk konnten wir diese Ziele erfolgreich umsetzen.&nbsp; RUTSCHFEST [&hellip;]<\/p>\n","protected":false},"author":2,"featured_media":0,"parent":0,"menu_order":1,"comment_status":"closed","ping_status":"closed","template":"","meta":{"_acf_changed":false,"footnotes":""},"class_list":["post-37","page","type-page","status-publish","hentry"],"acf":[],"_links":{"self":[{"href":"https:\/\/www.fairmove.info\/de\/wp-json\/wp\/v2\/pages\/37","targetHints":{"allow":["GET"]}}],"collection":[{"href":"https:\/\/www.fairmove.info\/de\/wp-json\/wp\/v2\/pages"}],"about":[{"href":"https:\/\/www.fairmove.info\/de\/wp-json\/wp\/v2\/types\/page"}],"author":[{"embeddable":true,"href":"https:\/\/www.fairmove.info\/de\/wp-json\/wp\/v2\/users\/2"}],"replies":[{"embeddable":true,"href":"https:\/\/www.fairmove.info\/de\/wp-json\/wp\/v2\/comments?post=37"}],"version-history":[{"count":72,"href":"https:\/\/www.fairmove.info\/de\/wp-json\/wp\/v2\/pages\/37\/revisions"}],"predecessor-version":[{"id":1802,"href":"https:\/\/www.fairmove.info\/de\/wp-json\/wp\/v2\/pages\/37\/revisions\/1802"}],"wp:attachment":[{"href":"https:\/\/www.fairmove.info\/de\/wp-json\/wp\/v2\/media?parent=37"}],"curies":[{"name":"wp","href":"https:\/\/api.w.org\/{rel}","templated":true}]}}