{"id":1604,"date":"2024-06-21T11:37:42","date_gmt":"2024-06-21T11:37:42","guid":{"rendered":"https:\/\/www.fairmove.info\/?page_id=1604"},"modified":"2026-01-20T21:54:26","modified_gmt":"2026-01-20T21:54:26","slug":"hinweis","status":"publish","type":"page","link":"https:\/\/www.fairmove.info\/de\/hinweis\/","title":{"rendered":"Hinweis"},"content":{"rendered":"\n<div style=\"height:100px\" aria-hidden=\"true\" class=\"wp-block-spacer\"><\/div>\n\n\n\n<div class=\"wp-block-columns is-layout-flex wp-container-core-columns-is-layout-9d6595d7 wp-block-columns-is-layout-flex\">\n<div class=\"wp-block-column is-layout-flow wp-block-column-is-layout-flow\" style=\"flex-basis:33.33%\">\n<figure class=\"wp-block-image size-full\"><img loading=\"lazy\" decoding=\"async\" width=\"600\" height=\"600\" src=\"https:\/\/www.fairmove.info\/wp-content\/uploads\/2024\/08\/fairmove-fitnessband.jpg\" alt=\"Fairmove Fitnessband\" class=\"wp-image-1638\" srcset=\"https:\/\/www.fairmove.info\/wp-content\/uploads\/2024\/08\/fairmove-fitnessband.jpg 600w, https:\/\/www.fairmove.info\/wp-content\/uploads\/2024\/08\/fairmove-fitnessband-150x150.jpg 150w\" sizes=\"auto, (max-width: 600px) 100vw, 600px\" \/><\/figure>\n<\/div>\n\n\n\n<div class=\"wp-block-column is-layout-flow wp-block-column-is-layout-flow\" style=\"flex-basis:66.66%\">\n<h2 class=\"wp-block-heading\">FAIRMOVE Brosch\u00fcre: Training mit dem Fitnessband<\/h2>\n\n\n\n<div style=\"height:32px\" aria-hidden=\"true\" class=\"wp-block-spacer\"><\/div>\n\n\n\n<p>Ungebunden an Raum und\/oder Maschinen k\u00f6nnen Sie mit einem Fitnessband die gesamte K\u00f6rpermuskulatur trainieren, gerade da, wo Sie sind: zu Hause, im B\u00fcro, draussen in der Natur oder im Sportstudio. Eine \u00dcbung l\u00e4sst sich rasch einrichten, das Band, weil es so kompakt ist, kann immer dabei sein.<\/p>\n\n\n\n<div style=\"height:16px\" aria-hidden=\"true\" class=\"wp-block-spacer\"><\/div>\n\n\n\n<div class=\"wp-block-buttons is-layout-flex wp-block-buttons-is-layout-flex\">\n<div class=\"wp-block-button\"><a class=\"wp-block-button__link wp-element-button\" href=\"https:\/\/www.fairmove.info\/wp-content\/uploads\/2024\/08\/fairmove-Fitnessbroschuere-online-DE.pdf\" target=\"_blank\" rel=\"noreferrer noopener\">Download &#8222;Training mit dem Fitnessband&#8220; (.PDF)<\/a><\/div>\n<\/div>\n<\/div>\n<\/div>\n\n\n\n<div class=\"wp-block-columns is-layout-flex wp-container-core-columns-is-layout-9d6595d7 wp-block-columns-is-layout-flex\">\n<div class=\"wp-block-column is-layout-flow wp-block-column-is-layout-flow\" style=\"flex-basis:33.33%\">\n<figure class=\"wp-block-image size-full\"><img loading=\"lazy\" decoding=\"async\" width=\"384\" height=\"384\" src=\"https:\/\/www.fairmove.info\/wp-content\/uploads\/2021\/02\/384x384_Fairmove34.jpg\" alt=\"\" class=\"wp-image-956\" srcset=\"https:\/\/www.fairmove.info\/wp-content\/uploads\/2021\/02\/384x384_Fairmove34.jpg 384w, https:\/\/www.fairmove.info\/wp-content\/uploads\/2021\/02\/384x384_Fairmove34-150x150.jpg 150w\" sizes=\"auto, (max-width: 384px) 100vw, 384px\" \/><\/figure>\n<\/div>\n\n\n\n<div class=\"wp-block-column is-layout-flow wp-block-column-is-layout-flow\" style=\"flex-basis:66.66%\">\n<h2 class=\"wp-block-heading\">Fitnessband Sicherheitshinweise (EN\/DE\/FR)<\/h2>\n\n\n\n<div style=\"height:32px\" aria-hidden=\"true\" class=\"wp-block-spacer\"><\/div>\n\n\n\n<p>Diese Sicherheitshinweise helfen Ihnen Unf\u00e4lle und Verletzungen zu vermeiden. F\u00fcr die Fitnessb\u00e4nder besteht ein \u00fcblicher Verwendungszweck, eine unsachgem\u00e4sse Verwendung kann zu Sch\u00e4den und Verletzungen f\u00fchren. Werden sie z. B. nicht richtig befestigt, k\u00f6nnen sie an den K\u00f6rper zur\u00fcckschlagen oder zu St\u00fcrzen f\u00fchren.<\/p>\n\n\n\n<div style=\"height:16px\" aria-hidden=\"true\" class=\"wp-block-spacer\"><\/div>\n\n\n\n<div class=\"wp-block-buttons is-layout-flex wp-block-buttons-is-layout-flex\">\n<div class=\"wp-block-button\"><a class=\"wp-block-button__link wp-element-button\" href=\"https:\/\/www.fairmove.info\/wp-content\/uploads\/2026\/01\/Leporello-Sicherheitshinweise-Fitnessband-DEENFR.pdf\" target=\"_blank\" rel=\"noreferrer noopener\">Download &#8222;Fitnessband Sicherheitshinweise&#8220; (.PDF)<\/a><\/div>\n<\/div>\n<\/div>\n<\/div>\n","protected":false},"excerpt":{"rendered":"<p>FAIRMOVE Brosch\u00fcre: Training mit dem Fitnessband Ungebunden an Raum und\/oder Maschinen k\u00f6nnen Sie mit einem Fitnessband die gesamte K\u00f6rpermuskulatur trainieren, gerade da, wo Sie sind: zu Hause, im B\u00fcro, draussen in der Natur oder im Sportstudio. Eine \u00dcbung l\u00e4sst sich rasch einrichten, das Band, weil es so kompakt [&hellip;]<\/p>\n","protected":false},"author":2,"featured_media":0,"parent":0,"menu_order":7,"comment_status":"closed","ping_status":"closed","template":"","meta":{"_acf_changed":false,"footnotes":""},"class_list":["post-1604","page","type-page","status-publish","hentry"],"acf":[],"_links":{"self":[{"href":"https:\/\/www.fairmove.info\/de\/wp-json\/wp\/v2\/pages\/1604","targetHints":{"allow":["GET"]}}],"collection":[{"href":"https:\/\/www.fairmove.info\/de\/wp-json\/wp\/v2\/pages"}],"about":[{"href":"https:\/\/www.fairmove.info\/de\/wp-json\/wp\/v2\/types\/page"}],"author":[{"embeddable":true,"href":"https:\/\/www.fairmove.info\/de\/wp-json\/wp\/v2\/users\/2"}],"replies":[{"embeddable":true,"href":"https:\/\/www.fairmove.info\/de\/wp-json\/wp\/v2\/comments?post=1604"}],"version-history":[{"count":21,"href":"https:\/\/www.fairmove.info\/de\/wp-json\/wp\/v2\/pages\/1604\/revisions"}],"predecessor-version":[{"id":1823,"href":"https:\/\/www.fairmove.info\/de\/wp-json\/wp\/v2\/pages\/1604\/revisions\/1823"}],"wp:attachment":[{"href":"https:\/\/www.fairmove.info\/de\/wp-json\/wp\/v2\/media?parent=1604"}],"curies":[{"name":"wp","href":"https:\/\/api.w.org\/{rel}","templated":true}]}}