{"id":1208,"date":"2021-03-22T10:42:49","date_gmt":"2021-03-22T10:42:49","guid":{"rendered":"https:\/\/www.fairmove.info\/?page_id=1208"},"modified":"2021-04-12T13:50:14","modified_gmt":"2021-04-12T13:50:14","slug":"partner-brands-2","status":"publish","type":"page","link":"https:\/\/www.fairmove.info\/de\/partner\/partner-brands-2\/","title":{"rendered":"Partner Brands"},"content":{"rendered":"\n<div class=\"wp-block-columns is-layout-flex wp-container-core-columns-is-layout-9d6595d7 wp-block-columns-is-layout-flex\">\n<div class=\"wp-block-column is-layout-flow wp-block-column-is-layout-flow\" style=\"flex-basis:25%\">\n<figure class=\"wp-block-image size-large\"><img loading=\"lazy\" decoding=\"async\" width=\"384\" height=\"384\" src=\"https:\/\/www.fairmove.info\/wp-content\/uploads\/2021\/03\/i_mage_Your_Bag.jpg\" alt=\"\" class=\"wp-image-1234\" srcset=\"https:\/\/www.fairmove.info\/wp-content\/uploads\/2021\/03\/i_mage_Your_Bag.jpg 384w, https:\/\/www.fairmove.info\/wp-content\/uploads\/2021\/03\/i_mage_Your_Bag-150x150.jpg 150w\" sizes=\"auto, (max-width: 384px) 100vw, 384px\" \/><\/figure>\n<\/div>\n\n\n\n<div class=\"wp-block-column is-layout-flow wp-block-column-is-layout-flow\" style=\"flex-basis:50%\">\n<figure class=\"wp-block-image size-large\"><img loading=\"lazy\" decoding=\"async\" width=\"1350\" height=\"185\" src=\"https:\/\/www.fairmove.info\/wp-content\/uploads\/2021\/03\/heroimage_Rice_Carry.jpg\" alt=\"\" class=\"wp-image-1222\" srcset=\"https:\/\/www.fairmove.info\/wp-content\/uploads\/2021\/03\/heroimage_Rice_Carry.jpg 1350w, https:\/\/www.fairmove.info\/wp-content\/uploads\/2021\/03\/heroimage_Rice_Carry-768x105.jpg 768w\" sizes=\"auto, (max-width: 1350px) 100vw, 1350px\" \/><\/figure>\n\n\n\n<h1 class=\"wp-block-heading\">Rice &amp; Carry: nachhaltige Kooperation mit Sri Lanka<\/h1>\n\n\n\n<p>Eine wunderbare Kooperation f\u00fcr die gemeinsame Sache. Das beschreibt am besten, was hinter FAIR SQUARED und Rice &amp; Carry steckt. Die Geschichte beginnt im Fr\u00fchling 2019, als zwei Menschen von FAIR SQUARED und FAIR ZONE auf Dienstreise in Sri Lanka unterwegs waren. Im Vorfeld auf das Projekt Rice &amp; Carry aufmerksam geworden, machten sich Oliver und Eldad auf den Weg an die Ostk\u00fcste, um das Gr\u00fcnderpaar kennenzulernen.<\/p>\n\n\n\n<h2 class=\"wp-block-heading\">Gemeinsam etwas FAIR\u00e4ndern<\/h2>\n\n\n\n<p>Es brauchte nicht lange, um den Wunsch zu formulieren, mit Henry und Susi etwas Gemeinsames auf die Beine zu stellen. Denn die beiden Firmengr\u00fcnder, die schon einige Jahre an der sch\u00f6nen Ostk\u00fcste Sri Lankas lebten, verfolgten ebenfalls die Vision, faire Arbeitsbedingungen mit \u00f6kologischem Mehrwert zu verkn\u00fcpfen. Seit 2019 ist Rice &amp; Carry \u00fcbrigens ganz offiziell fair: Die Initiative wurde Mitglied der World Fair Trade Organization (WFTO).<\/p>\n\n\n\n<h2 class=\"wp-block-heading\">Upcycling statt wegwerfen: FAIR ZONE meets Rice &amp; Carry<\/h2>\n\n\n\n<p>Alles, was unter dem Label Rice &amp; Carry verkauft wird, hat seinen Ursprung in Abf\u00e4llen wie ausrangierten Reiss\u00e4cken oder Deckeln von gesammelten Plastikflaschen. Die Idee dahinter: den Dingen eine neue Aufgabe zu \u00fcbertragen und dem M\u00fcllaufkommen aktiv entgegenzuwirken. So entstanden die FAIR ZONE Produkte aus <a href=\"https:\/\/www.fair.zone\/de\/p\/furoshiki\/\">recycelten Saris<\/a> und andere nachhaltige Dinge, die wir euch auf der <a rel=\"noreferrer noopener\" href=\"https:\/\/www.riceandcarry.eu\/de\/produkte\/\" target=\"_blank\">Rice &amp; Carry Website<\/a> exklusiv anbieten m\u00f6chten.<\/p>\n<\/div>\n\n\n\n<div class=\"wp-block-column is-layout-flow wp-block-column-is-layout-flow\" style=\"flex-basis:25%\">\n<figure class=\"wp-block-image size-large\"><img loading=\"lazy\" decoding=\"async\" width=\"384\" height=\"270\" src=\"https:\/\/www.fairmove.info\/wp-content\/uploads\/2021\/03\/Partner_2.png\" alt=\"\" class=\"wp-image-1231\"\/><\/figure>\n<\/div>\n<\/div>\n\n\n\n<div class=\"wp-block-columns is-layout-flex wp-container-core-columns-is-layout-9d6595d7 wp-block-columns-is-layout-flex\">\n<div class=\"wp-block-column is-layout-flow wp-block-column-is-layout-flow\" style=\"flex-basis:25%\">\n<figure class=\"wp-block-image size-large\"><img loading=\"lazy\" decoding=\"async\" width=\"384\" height=\"384\" src=\"https:\/\/www.fairmove.info\/wp-content\/uploads\/2021\/03\/waves_Schuh.jpg\" alt=\"\" class=\"wp-image-1225\" srcset=\"https:\/\/www.fairmove.info\/wp-content\/uploads\/2021\/03\/waves_Schuh.jpg 384w, https:\/\/www.fairmove.info\/wp-content\/uploads\/2021\/03\/waves_Schuh-150x150.jpg 150w\" sizes=\"auto, (max-width: 384px) 100vw, 384px\" \/><\/figure>\n<\/div>\n\n\n\n<div class=\"wp-block-column is-layout-flow wp-block-column-is-layout-flow\" style=\"flex-basis:50%\">\n<figure class=\"wp-block-image size-large\"><img loading=\"lazy\" decoding=\"async\" width=\"1350\" height=\"185\" src=\"https:\/\/www.fairmove.info\/wp-content\/uploads\/2021\/03\/hero_waves.jpg\" alt=\"\" class=\"wp-image-1219\" srcset=\"https:\/\/www.fairmove.info\/wp-content\/uploads\/2021\/03\/hero_waves.jpg 1350w, https:\/\/www.fairmove.info\/wp-content\/uploads\/2021\/03\/hero_waves-768x105.jpg 768w\" sizes=\"auto, (max-width: 1350px) 100vw, 1350px\" \/><\/figure>\n\n\n\n<h1 class=\"wp-block-heading\">WAVES: Flip-Flops made in Sri Lanka<\/h1>\n\n\n\n<p>Zwischen der perfekten Erholung am malerischen Strand Sri Lankas und dem gehobenen Leben in der Stadt \u2013 genau hier positioniert sich die Marke <a href=\"https:\/\/www.waves.fashion\/de\/\" data-type=\"URL\" data-id=\"https:\/\/www.waves.fashion\/de\/\" target=\"_blank\" rel=\"noreferrer noopener\">WAVES<\/a>.<\/p>\n\n\n\n<h3 class=\"wp-block-heading\">Let\u2019s do it in fair!<\/h3>\n\n\n\n<p>Weil sich die Sandalen-Klassiker mit ihrem farbenfrohen Design ganz wunderbar in unser Sortiment eingliedern, haben wir sie kurzerhand aus fair gehandeltem Naturkautschuk fertigen lassen. Das Ergebnis sind ganz unterschiedlich bunte Modelle, die wir euch gerne anbieten m\u00f6chten.<\/p>\n<\/div>\n\n\n\n<div class=\"wp-block-column is-layout-flow wp-block-column-is-layout-flow\" style=\"flex-basis:25%\"><\/div>\n<\/div>\n","protected":false},"excerpt":{"rendered":"<p>Rice &amp; Carry: nachhaltige Kooperation mit Sri Lanka Eine wunderbare Kooperation f\u00fcr die gemeinsame Sache. Das beschreibt am besten, was hinter FAIR SQUARED und Rice &amp; Carry steckt. Die Geschichte beginnt im Fr\u00fchling 2019, als zwei Menschen von FAIR SQUARED und FAIR ZONE auf Dienstreise in Sri Lanka [&hellip;]<\/p>\n","protected":false},"author":4,"featured_media":0,"parent":53,"menu_order":0,"comment_status":"closed","ping_status":"closed","template":"","meta":{"_acf_changed":false,"footnotes":""},"class_list":["post-1208","page","type-page","status-publish","hentry"],"acf":[],"_links":{"self":[{"href":"https:\/\/www.fairmove.info\/de\/wp-json\/wp\/v2\/pages\/1208","targetHints":{"allow":["GET"]}}],"collection":[{"href":"https:\/\/www.fairmove.info\/de\/wp-json\/wp\/v2\/pages"}],"about":[{"href":"https:\/\/www.fairmove.info\/de\/wp-json\/wp\/v2\/types\/page"}],"author":[{"embeddable":true,"href":"https:\/\/www.fairmove.info\/de\/wp-json\/wp\/v2\/users\/4"}],"replies":[{"embeddable":true,"href":"https:\/\/www.fairmove.info\/de\/wp-json\/wp\/v2\/comments?post=1208"}],"version-history":[{"count":4,"href":"https:\/\/www.fairmove.info\/de\/wp-json\/wp\/v2\/pages\/1208\/revisions"}],"predecessor-version":[{"id":1301,"href":"https:\/\/www.fairmove.info\/de\/wp-json\/wp\/v2\/pages\/1208\/revisions\/1301"}],"up":[{"embeddable":true,"href":"https:\/\/www.fairmove.info\/de\/wp-json\/wp\/v2\/pages\/53"}],"wp:attachment":[{"href":"https:\/\/www.fairmove.info\/de\/wp-json\/wp\/v2\/media?parent=1208"}],"curies":[{"name":"wp","href":"https:\/\/api.w.org\/{rel}","templated":true}]}}