{"id":1188,"date":"2021-03-22T09:25:24","date_gmt":"2021-03-22T09:25:24","guid":{"rendered":"https:\/\/www.fairmove.info\/?page_id=1188"},"modified":"2021-03-22T10:53:02","modified_gmt":"2021-03-22T10:53:02","slug":"fsc","status":"publish","type":"page","link":"https:\/\/www.fairmove.info\/de\/partner\/fsc\/","title":{"rendered":"FSC\u00ae"},"content":{"rendered":"\n<div style=\"height:50px\" aria-hidden=\"true\" class=\"wp-block-spacer\"><\/div>\n\n\n\n<div class=\"wp-block-columns is-layout-flex wp-container-core-columns-is-layout-9d6595d7 wp-block-columns-is-layout-flex\">\n<div class=\"wp-block-column is-layout-flow wp-block-column-is-layout-flow\" style=\"flex-basis:25%\">\n<figure class=\"wp-block-image size-large\"><img loading=\"lazy\" decoding=\"async\" width=\"384\" height=\"384\" src=\"https:\/\/www.fairmove.info\/wp-content\/uploads\/2021\/03\/wald.jpg\" alt=\"Rubber Plantage\" class=\"wp-image-1193\" srcset=\"https:\/\/www.fairmove.info\/wp-content\/uploads\/2021\/03\/wald.jpg 384w, https:\/\/www.fairmove.info\/wp-content\/uploads\/2021\/03\/wald-150x150.jpg 150w\" sizes=\"auto, (max-width: 384px) 100vw, 384px\" \/><\/figure>\n<\/div>\n\n\n\n<div class=\"wp-block-column is-layout-flow wp-block-column-is-layout-flow\" style=\"flex-basis:50%\">\n<h1 class=\"wp-block-heading\">FSC\u00ae (Forest Stewardship Council\u00ae)<\/h1>\n\n\n\n<p>Beim Forest Stewardship Council\u00ae (FSC\u00ae) handelt es sich um eine Organisation, die vielen Menschen bereits ein Begriff ist. Sie setzt sich f\u00fcr die F\u00f6rderung einer sozialf\u00f6rderlichen, umweltfreundlichen und wirtschaftlich tragf\u00e4higen Bewirtschaftung von W\u00e4ldern ein. Das FSC\u00ae-Label auf Produkten weist aus, dass innerhalb der gesamten Wertsch\u00f6pfungskette nur FSC\u00ae-zertifizierte und -kontrollierte Materialien verwendet wurden.<\/p>\n\n\n\n<h4 class=\"wp-block-heading\"><strong>FSC\u00ae \u2013 die unterschiedlichen Labeltypen<\/strong><\/h4>\n\n\n\n<p>Bei der Zertifizierung von FSC\u00ae sind nur folgende Materialien zugelassen: Holz, das den FSC\u00ae-Vorgaben bez\u00fcglich der Menge entspricht, kontrollierte Holzherk\u00fcnfte oder Recyclingmaterial. Um welches Ausgangsmaterial es sich handelt, wird durch den entsprechenden Labeltyp gekennzeichnet. Es existieren insgesamt drei verschiedene FSC\u00ae-Kategorien: f\u00fcr Produkte aus FSC\u00ae-zertifizierter Waldwirtschaft (FSC\u00ae 100 %), aus ausschlie\u00dflich Recyclingmaterialien (FSC\u00ae recycled) oder aus einer Mischung aus zertifizierten und kontrollierten Materialien (FSC\u00ae-Mix).<\/p>\n<\/div>\n\n\n\n<div class=\"wp-block-column is-layout-flow wp-block-column-is-layout-flow\" style=\"flex-basis:25%\">\n<figure class=\"wp-block-image size-large\"><img loading=\"lazy\" decoding=\"async\" width=\"384\" height=\"270\" src=\"https:\/\/www.fairmove.info\/wp-content\/uploads\/2021\/03\/FSC_2.png\" alt=\"FSC-Logo\" class=\"wp-image-1196\"\/><\/figure>\n<\/div>\n<\/div>\n","protected":false},"excerpt":{"rendered":"<p>FSC\u00ae (Forest Stewardship Council\u00ae) Beim Forest Stewardship Council\u00ae (FSC\u00ae) handelt es sich um eine Organisation, die vielen Menschen bereits ein Begriff ist. Sie setzt sich f\u00fcr die F\u00f6rderung einer sozialf\u00f6rderlichen, umweltfreundlichen und wirtschaftlich tragf\u00e4higen Bewirtschaftung von W\u00e4ldern ein. Das FSC\u00ae-Label auf Produkten weist aus, dass innerhalb der gesamten [&hellip;]<\/p>\n","protected":false},"author":4,"featured_media":0,"parent":53,"menu_order":0,"comment_status":"closed","ping_status":"closed","template":"","meta":{"_acf_changed":false,"footnotes":""},"class_list":["post-1188","page","type-page","status-publish","hentry"],"acf":[],"_links":{"self":[{"href":"https:\/\/www.fairmove.info\/de\/wp-json\/wp\/v2\/pages\/1188","targetHints":{"allow":["GET"]}}],"collection":[{"href":"https:\/\/www.fairmove.info\/de\/wp-json\/wp\/v2\/pages"}],"about":[{"href":"https:\/\/www.fairmove.info\/de\/wp-json\/wp\/v2\/types\/page"}],"author":[{"embeddable":true,"href":"https:\/\/www.fairmove.info\/de\/wp-json\/wp\/v2\/users\/4"}],"replies":[{"embeddable":true,"href":"https:\/\/www.fairmove.info\/de\/wp-json\/wp\/v2\/comments?post=1188"}],"version-history":[{"count":4,"href":"https:\/\/www.fairmove.info\/de\/wp-json\/wp\/v2\/pages\/1188\/revisions"}],"predecessor-version":[{"id":1207,"href":"https:\/\/www.fairmove.info\/de\/wp-json\/wp\/v2\/pages\/1188\/revisions\/1207"}],"up":[{"embeddable":true,"href":"https:\/\/www.fairmove.info\/de\/wp-json\/wp\/v2\/pages\/53"}],"wp:attachment":[{"href":"https:\/\/www.fairmove.info\/de\/wp-json\/wp\/v2\/media?parent=1188"}],"curies":[{"name":"wp","href":"https:\/\/api.w.org\/{rel}","templated":true}]}}